{"id":523,"date":"2016-05-08T15:41:15","date_gmt":"2016-05-08T15:41:15","guid":{"rendered":"http:\/\/marco-krapf.de\/?page_id=523"},"modified":"2018-08-11T19:24:23","modified_gmt":"2018-08-11T17:24:23","slug":"nutzungsbedingungen-und-disclaimer","status":"publish","type":"page","link":"https:\/\/marco-krapf.de\/gb\/nutzungsbedingungen-und-disclaimer\/","title":{"rendered":"Terms of use and Disclaimer (in German language)"},"content":{"rendered":"<h4>1. Haftungsbeschr\u00e4nkung<\/h4>\n<p>Die Inhalte des Internetauftritts wurden mit gr\u00f6\u00dftm\u00f6glicher Sorgfalt und nach bestem Gewissen erstellt. Dennoch \u00fcbernimmt der Anbieter dieser Webseite keine Gew\u00e4hr f\u00fcr die Aktualit\u00e4t, Vollst\u00e4ndigkeit und Richtigkeit der bereitgestellten Seiten und Inhalte. Als Diensteanbieter ist der Anbieter dieser Webseite gem\u00e4\u00df \u00a7 7 Abs. 1 TMG f\u00fcr eigene Inhalte und bereitgestellte Informationen auf diesen Seiten nach den allgemeinen Gesetzen verantwortlich; nach den \u00a7\u00a7 8 bis 10 TMG jedoch nicht verpflichtet, die \u00fcbermittelten oder gespeicherten fremden Informationen zu \u00fcberwachen. Eine Entfernung oder Sperrung dieser Inhalte erfolgt umgehend ab dem Zeitpunkt der Kenntnis einer konkreten Rechtsverletzung. Eine Haftung ist erst ab dem Zeitpunkt der Kenntniserlangung m\u00f6glich.<\/p>\n<h4>2. Externe Links<\/h4>\n<p>Die Webseite enth\u00e4lt sog. \u201eexterne Links\u201c (Verlinkungen) zu anderen Webseiten, auf deren Inhalt der Anbieter der Webseite keinen Einfluss hat. Aus diesem Grund kann der Anbieter f\u00fcr diese Inhalte auch keine Gew\u00e4hr \u00fcbernehmen. F\u00fcr die Inhalte und Richtigkeit der bereitgestellten Informationen ist der jeweilige Anbieter der verlinkten Webseite verantwortlich. Zum Zeitpunkt der Verlinkung waren keine Rechtsverst\u00f6\u00dfe erkennbar. Bei Bekanntwerden einer solchen Rechtsverletzung wird der Link umgehend entfernen.<\/p>\n<h4>3. Nutzungsbedingungen der angebotenen Software<\/h4>\n<p>Die auf dieser Webseite ver\u00f6ffentlichte Software wird vom Betreiber dieser Webseite privat entwickelt und kostenlos zum Download angeboten. Alle Tools d\u00fcrfen ohne Einschr\u00e4nkung privat und gewerblich verwendet werden. Die Software wird mit gr\u00f6\u00dftm\u00f6glicher Sorgfalt entwickelt und getestet. F\u00fcr Fehler im Code, die Abst\u00fcrze der Programme oder des Systems verursachen k\u00f6nnen, sowie f\u00fcr eventuellen Datenverlust durch Anwendung der Tools wird keine Haftung \u00fcbernommen. Weiterentwicklungen der Software auf Basis des auf <a href=\"https:\/\/github.com\/MarcoKrapf\" target=\"_blank\">GitHub <\/a>ver\u00f6ffentlichten Quellcodes werden ausdr\u00fccklich begr\u00fc\u00dft.<\/p>\n<h4>4. Datenschutz<\/h4>\n<p>Durch den Besuch des Internetauftritts k\u00f6nnen Informationen (Datum, Uhrzeit, aufgerufene Seite) \u00fcber den Zugriff auf dem Server gespeichert werden. Es werden keine personenbezogenenen (z. B. Name, Anschrift oder E-Mail-Adresse) Daten, gespeichert. Sofern personenbezogene Daten erhoben werden, erfolgt dies, sofern m\u00f6glich, nur mit dem vorherigen Einverst\u00e4ndnis des Nutzers der Webseite. Eine Weitergabe der Daten an Dritte findet ohne ausdr\u00fcckliche Zustimmung des Nutzers nicht statt. Der Anbieter weist darauf hin, dass die \u00dcbertragung von Daten im Internet (z. B. per E-Mail) Sicherheitsl\u00fccken aufweisen und ein l\u00fcckenloser Schutz der Daten vor dem Zugriff Dritter nicht gew\u00e4hrleistet werden kann. Der Anbieter \u00fcbernimmt keine Haftung f\u00fcr die durch solche Sicherheitsl\u00fccken entstandenen Sch\u00e4den. Der Verwendung der Kontaktdaten durch Dritte zur gewerblichen Nutzung wird ausdr\u00fccklich widersprochen. Es sei denn, der Anbieter hat zuvor seine schriftliche Einwilligung erteilt. Der Anbieter beh\u00e4lt sich rechtliche Schritte f\u00fcr den Fall der unverlangten Zusendung von Werbeinformationen, z. B. durch Spam-Mails, vor.<\/p>\n<p>Die vollst\u00e4ndige Datenschutzerkl\u00e4rung gibt es <a href=\"https:\/\/marco-krapf.de\/datenschutz\/\">hier<\/a>.<\/p>\n<p>Quelle: <a href=\"http:\/\/www.mustervorlage.net\/disclaimer-muster\" target=\"_blank\">Disclaimer-Muster<\/a> (Punkte 1,2 und 4)<\/p>\n","protected":false},"excerpt":{"rendered":"<p>1. Haftungsbeschr&auml;nkung Die Inhalte des Internetauftritts wurden mit gr&ouml;&szlig;tm&ouml;glicher Sorgfalt und nach bestem Gewissen erstellt. Dennoch &uuml;bernimmt der Anbieter dieser Webseite keine Gew&auml;hr f&uuml;r die Aktualit&auml;t, Vollst&auml;ndigkeit und Richtigkeit der bereitgestellten Seiten und Inhalte. Als Diensteanbieter ist der Anbieter dieser Webseite gem&auml;&szlig; &sect; 7 Abs. 1 TMG f&uuml;r eigene Inhalte und bereitgestellte Informationen auf diesen [&hellip;]<\/p>\n","protected":false},"author":1,"featured_media":0,"parent":0,"menu_order":0,"comment_status":"closed","ping_status":"closed","template":"","meta":{"ngg_post_thumbnail":0,"footnotes":""},"class_list":["post-523","page","type-page","status-publish","hentry"],"translation":{"provider":"WPGlobus","version":"3.0.2","language":"gb","enabled_languages":["de","gb"],"languages":{"de":{"title":true,"content":true,"excerpt":false},"gb":{"title":true,"content":true,"excerpt":false}}},"_links":{"self":[{"href":"https:\/\/marco-krapf.de\/gb\/wp-json\/wp\/v2\/pages\/523","targetHints":{"allow":["GET"]}}],"collection":[{"href":"https:\/\/marco-krapf.de\/gb\/wp-json\/wp\/v2\/pages"}],"about":[{"href":"https:\/\/marco-krapf.de\/gb\/wp-json\/wp\/v2\/types\/page"}],"author":[{"embeddable":true,"href":"https:\/\/marco-krapf.de\/gb\/wp-json\/wp\/v2\/users\/1"}],"replies":[{"embeddable":true,"href":"https:\/\/marco-krapf.de\/gb\/wp-json\/wp\/v2\/comments?post=523"}],"version-history":[{"count":11,"href":"https:\/\/marco-krapf.de\/gb\/wp-json\/wp\/v2\/pages\/523\/revisions"}],"predecessor-version":[{"id":2215,"href":"https:\/\/marco-krapf.de\/gb\/wp-json\/wp\/v2\/pages\/523\/revisions\/2215"}],"wp:attachment":[{"href":"https:\/\/marco-krapf.de\/gb\/wp-json\/wp\/v2\/media?parent=523"}],"curies":[{"name":"wp","href":"https:\/\/api.w.org\/{rel}","templated":true}]}}