{"id":2088,"date":"2018-05-21T17:14:32","date_gmt":"2018-05-21T15:14:32","guid":{"rendered":"https:\/\/marco-krapf.de\/?page_id=2088"},"modified":"2022-10-30T14:18:50","modified_gmt":"2022-10-30T13:18:50","slug":"datenschutz","status":"publish","type":"page","link":"https:\/\/marco-krapf.de\/gb\/datenschutz\/","title":{"rendered":"Privacy Policy (in German language)"},"content":{"rendered":"<h3>Allgemeines<\/h3>\n<p>Nachfolgend informieren wir Sie \u00fcber die Erhebung personenbezogener Daten bei der Nutzung unserer Internetseite.<\/p>\n<p>Der Begriff &#8220;personenbezogene Daten&#8221; meint unter Verweis auf die Definition des Art. 4 Nr. 1 der Verordnung (EU) 2016\/679 (nachfolgend bezeichnet als: &#8220;Datenschutz-Grundverordnung&#8221; bzw. kurz &#8220;DSGVO&#8221;) alle Daten, die auf Sie pers\u00f6nlich beziehbar sind. Darunter fallen beispielsweise Name, Adresse, E-Mailadressen, Nutzerverhalten. Hinsichtlich der \u00fcbrigen Begrifflichkeiten, insbesondere der Begriffe &#8220;Verarbeitung&#8221;, &#8220;Verantwortlicher&#8221;, &#8220;Auftragsverarbeiter&#8221; und &#8220;Einwilligung&#8221; verweisen wir auf die gesetzlichen datenschutzrechtlichen Definitionen des Art. 4 DSGVO.<\/p>\n<p>Wir verarbeiten personenbezogene Daten grunds\u00e4tzlich nur, soweit dies zur Bereitstellung einer funktionsf\u00e4higen Webseite sowie der von uns angebotenen Inhalte und Leistungen erforderlich ist. Die Verarbeitung personenbezogener Daten erfolgt regelm\u00e4\u00dfig nur dann, wenn Sie uns eine Einwilligung im Sinne des Art. 6 Abs. 1 lit. a) DSGVO erteilt haben oder die Verarbeitung durch gesetzliche Vorschriften insbesondere durch eine der in Art. 6 Abs. 1 lit. b) bis lit. f) DSGVO genannten Rechtsgrundlagen gestattet ist.<\/p>\n<p>Ihre personenbezogenen Daten werden gel\u00f6scht oder gesperrt, sobald der Zweck der Speicherung entf\u00e4llt. Eine Speicherung kann dar\u00fcber hinaus dann erfolgen, wenn dies durch nationale oder europ\u00e4ische Vorschriften, denen wir unterliegen, vorgesehen wurde. Eine Sperrung oder L\u00f6schung der Daten erfolgt in diesem Fall dann, wenn die in den jeweiligen Vorschriften vorgeschriebene Speicherfrist abgelaufen ist. Letzteres gilt dann nicht, wenn eine weitere Speicherung der Daten f\u00fcr einen Vertragsabschluss oder eine Vertragserf\u00fcllung erforderlich ist.<\/p>\n<p>Soweit wir f\u00fcr einzelne Funktionen unserer Webseite auf beauftragte Dienstleister zur\u00fcckgreifen oder Ihre Daten f\u00fcr werbliche Zwecke nutzen m\u00f6chten, werden wir Sie untenstehend im Detail \u00fcber die jeweiligen Vorg\u00e4nge informieren.<\/p>\n<h3>Verantwortliche Stelle<\/h3>\n<p>Verantwortlicher im Sinne des Art. 4 Nr. 7 DSGVO, der sonstigen in den Mitgliedstaaten der Europ\u00e4ischen Union geltenden Datenschutzgesetze und anderer Vorschriften mit Bestimmungen datenschutzrechtlichem Charakter ist:<\/p>\n<p>Marco Krapf<br \/>\nTheodor-Fischer-Str. 8<br \/>\nD-74076 Heilbronn<br \/>\nGERMANY<\/p>\n<p>E-Mail: marco.krapf@web.de<br \/>\nTel.: +49 151 40343419<\/p>\n<p>Weitere Einzelheiten zur verantwortlichen Stelle k\u00f6nnen Sie unserem Impressum entnehmen.<\/p>\n<h3>Ihre Rechte<\/h3>\n<p>Sie haben uns gegen\u00fcber hinsichtlich der Sie betreffenden personenbezogenen Daten die nachfolgenden Rechte:<\/p>\n<ul>\n<li>das Recht auf Auskunft,<\/li>\n<li>das Recht auf Berichtigung und L\u00f6schung,<\/li>\n<li>das Recht auf Einschr\u00e4nkung der Verarbeitung,<\/li>\n<li>das Recht auf Widerspruch gegen die Verarbeitung,<\/li>\n<li>das Recht auf Daten\u00fcbertragbarkeit.<\/li>\n<\/ul>\n<p>Sie haben zus\u00e4tzlich das Recht, sich bei einer Datenschutz-Aufsichtsbeh\u00f6rde \u00fcber die Verarbeitung Ihrer personenbezogenen Daten durch uns zu beschweren.<\/p>\n<h3>Verarbeitung personenbezogener Daten bei informatorischer Nutzung unserer Webseite<\/h3>\n<p>Wenn Sie unsere Webseite aufrufen, ohne sich dabei zu registrieren oder uns auf andere Weise Informationen zukommen zu lassen (&#8220;Informatorische Nutzung&#8221;) erheben wir nur diejenigen personenbezogenen Daten, die Ihr Webbrowser an unseren Server \u00fcbermittelt. Wenn Sie unsere Webseite betrachten m\u00f6chten, erheben wir die folgenden Daten, die f\u00fcr uns technisch erforderlich sind, um Ihnen die Anzeige unserer Webseite zu erm\u00f6glichen und die Stabilit\u00e4t und Sicherheit zu gew\u00e4hrleisten:<\/p>\n<ul>\n<li>IP-Adresse<\/li>\n<li>Datum und Uhrzeit der Anfrage<\/li>\n<li>Zeitzonendifferenz zu GMT<\/li>\n<li>Inhalt der Webseite<\/li>\n<li>Zugriffsstatus (HTTP-Status)<\/li>\n<li>\u00fcbertragene Datenmenge<\/li>\n<li>Website, von der Sie auf unsere Website gelangt sind<\/li>\n<li>Webbrowser<\/li>\n<li>Betriebssystem<\/li>\n<li>Sprache und Version des Browsers<\/li>\n<\/ul>\n<p>Die vorgenannten Daten werden ebenfalls in sog. Logfiles auf unseren Servern gespeichert. Eine Speicherung dieser Daten zusammen mit anderen personenbezogenen Daten von Ihnen findet nicht statt. Die Erhebung und vor\u00fcbergehende Speicherung der IP-Adresse ist notwendig, um die Darstellung unserer Webseite auf Ihrem Endger\u00e4t zu erm\u00f6glichen. Hierf\u00fcr muss Ihre IP-Adresse f\u00fcr die Dauer des Besuchs unserer Webseite gespeichert werden. Die Speicherung in Logfiles dient der Sicherstellung der Funktionsf\u00e4higkeit und Optimierung unserer Webseite sowie zur Sicherstellung der Sicherheit unserer informationstechnischen Systeme. Eine Auswertung dieser Daten zu Marketingzwecken findet nicht statt.<\/p>\n<p>In den vorstehenden Zwecken liegt unser berechtigtes Interesse an der Datenverarbeitung. Rechtsgrundlage f\u00fcr die Erhebung und die vor\u00fcbergehende Speicherung der vorgenannten Daten und der Logfilesist Art. 6 Abs. 1 S. 1 lit. f) DSGVO.<\/p>\n<p>Die vorstehenden Daten zur Bereitstellung unserer Website werden gel\u00f6scht, wenn die jeweilige Sitzung beendet ist. Die Erhebung der vorstehenden Daten zur Bereitstellung unserer Webseite und die Speicherung dieser Daten in Logfiles ist f\u00fcr den Betrieb unserer Website zwingend erforderlich. Es besteht keine Widerspruchsm\u00f6glichkeit.<\/p>\n<h3>Weitere Funktionen und Angebote unserer Webseite<\/h3>\n<p>Neben der vorbeschriebenen informatorischen Nutzung unserer Webseite bieten wir verschiedene Leistungen an, die Sie bei Interesse nutzen k\u00f6nnen. Hierf\u00fcr ist in der Regel die Angabe weiterer personenbezogener Daten notwendig. Diese Daten ben\u00f6tigen wir zur Erbringung der jeweiligen Leistung. Es gelten hierf\u00fcr die vorstehenden Grunds\u00e4tze zur Datenverarbeitung.<\/p>\n<p>Zum Teil greifen wir zur Verarbeitung dieser Daten auf externe Dienstleister zur\u00fcck, die von uns sorgf\u00e4ltig ausgew\u00e4hlt und beauftragt worden sind. Diese Dienstleister sind an unsere Weisungen gebunden und werden regelm\u00e4\u00dfig von uns kontrolliert. Soweit personenbezogene Daten im Zuge von Leistungen, die wir gemeinsam mit Partnern anbieten, an Dritte weitergegeben werden, k\u00f6nnen Sie n\u00e4here Informationen den nachfolgenden Beschreibungen der einzelnen Leistungen entnehmen. Soweit diese Dritten ihren Sitz in einem Staat au\u00dferhalb des Europ\u00e4ischen Wirtschaftsraumes haben, k\u00f6nnen Sie n\u00e4here Informationen \u00fcber die Folgen dieses Umstands in den nachfolgenden Beschreibungen der einzelnen Leistungen entnehmen.<\/p>\n<h3>Kontaktaufnahme<\/h3>\n<p>Wenn Sie mit uns per E-Mail Kontakt aufnehmen, werden die von Ihnen an uns mit Ihrer E-Mail \u00fcbermittelten personenbezogenen Daten gespeichert.<\/p>\n<p>Zus\u00e4tzlich erfassen wir Ihre IP-Adresse und den Zeitpunkt der Absendung. Die Daten werden ausschlie\u00dflich zur Beantwortung Ihrer Fragen verwendet. Soweit wir uns zur Bereitstellung der Kontaktfunktion nicht eines unten genannten Drittanbieters bedienen, erfolgt keine Weitergabe der Daten an Dritte.<\/p>\n<p>Die Verarbeitung der vorstehenden personenbezogenen Daten dient allein zur Bearbeitung Ihrer Anfragen.<\/p>\n<p>Hierin liegt auch unser berechtigtes Interesse an der Verarbeitung Ihrer personenbezogenen Daten. Soweit Sie hierf\u00fcr uns eine Einwilligung erteilt haben, ist Rechtsgrundlage f\u00fcr die Verarbeitung dieser Daten Art. 6 Abs. 1 lit. a) DSGVO. Im \u00dcbrigen ist Rechtsgrundlage f\u00fcr die Verarbeitung dieser Daten Art. 6 Abs. 1 lit. f) DSGVO, insbesondere f\u00fcr den Fall, dass uns die Daten von Ihnen durch \u00dcbersendung einer E-Mail \u00fcbermittelt werden. Soweit Sie durch Ihre E-Mail auf den Abschluss eines Vertrages hinwirken wollen, stellt Art. 6 Abs. 1 lit. b) DSGVO eine zus\u00e4tzliche Rechtsgrundlage dar.<\/p>\n<p>Die Daten werden vorbehaltlich gesetzlicher Aufbewahrungsfristen gel\u00f6scht, sobald wir Ihre Anfragen abschlie\u00dfend bearbeitet haben. Bei einer Kontaktaufnahme per E-Mail k\u00f6nnen Sie der Speicherung Ihrer personenbezogenen Daten jederzeit widersprechen. Wir weisen Sie darauf hin, dass in diesem Fall Ihre Anfrage nicht weiter bearbeitet werden kann. Den Widerruf oder den Widerspruch k\u00f6nnen Sie durch \u00dcbersendung einer E-Mail an unsere im Impressum angegebene E-Mailadresse erkl\u00e4ren.<\/p>\n","protected":false},"excerpt":{"rendered":"<p>Allgemeines Nachfolgend informieren wir Sie &uuml;ber die Erhebung personenbezogener Daten bei der Nutzung unserer Internetseite. Der Begriff &ldquo;personenbezogene Daten&rdquo; meint unter Verweis auf die Definition des Art. 4 Nr. 1 der Verordnung (EU) 2016\/679 (nachfolgend bezeichnet als: &ldquo;Datenschutz-Grundverordnung&rdquo; bzw. kurz &ldquo;DSGVO&rdquo;) alle Daten, die auf Sie pers&ouml;nlich beziehbar sind. Darunter fallen beispielsweise Name, Adresse, E-Mailadressen, [&hellip;]<\/p>\n","protected":false},"author":1,"featured_media":0,"parent":0,"menu_order":0,"comment_status":"closed","ping_status":"closed","template":"","meta":{"ngg_post_thumbnail":0,"footnotes":""},"class_list":["post-2088","page","type-page","status-publish","hentry"],"translation":{"provider":"WPGlobus","version":"3.0.2","language":"gb","enabled_languages":["de","gb"],"languages":{"de":{"title":true,"content":true,"excerpt":false},"gb":{"title":true,"content":false,"excerpt":false}}},"_links":{"self":[{"href":"https:\/\/marco-krapf.de\/gb\/wp-json\/wp\/v2\/pages\/2088","targetHints":{"allow":["GET"]}}],"collection":[{"href":"https:\/\/marco-krapf.de\/gb\/wp-json\/wp\/v2\/pages"}],"about":[{"href":"https:\/\/marco-krapf.de\/gb\/wp-json\/wp\/v2\/types\/page"}],"author":[{"embeddable":true,"href":"https:\/\/marco-krapf.de\/gb\/wp-json\/wp\/v2\/users\/1"}],"replies":[{"embeddable":true,"href":"https:\/\/marco-krapf.de\/gb\/wp-json\/wp\/v2\/comments?post=2088"}],"version-history":[{"count":17,"href":"https:\/\/marco-krapf.de\/gb\/wp-json\/wp\/v2\/pages\/2088\/revisions"}],"predecessor-version":[{"id":3299,"href":"https:\/\/marco-krapf.de\/gb\/wp-json\/wp\/v2\/pages\/2088\/revisions\/3299"}],"wp:attachment":[{"href":"https:\/\/marco-krapf.de\/gb\/wp-json\/wp\/v2\/media?parent=2088"}],"curies":[{"name":"wp","href":"https:\/\/api.w.org\/{rel}","templated":true}]}}